{"id":4279,"date":"2022-05-23T06:00:06","date_gmt":"2022-05-23T04:00:06","guid":{"rendered":"https:\/\/younghope.at\/erfolgsgeschichten\/"},"modified":"2022-11-29T11:10:18","modified_gmt":"2022-11-29T09:10:18","slug":"success-stories","status":"publish","type":"page","link":"https:\/\/younghope.at\/en\/success-stories\/","title":{"rendered":"Success stories"},"content":{"rendered":"\n\n\n\n\n\n\n\n\n\n\n\n\n\n\n\n\n\n\n\n\n\n\n\n\n\n\n\n\n\n\n\n\n        \n            <section class=\"ce ce-section ce--full\n         ce--mb-standard                                 \"\n             id=\"block_5087ce6a3955754e3f8a9531183f281f\">\n                        \n\n\n\n\n\n\n\n\n\n\n\n\n\n\n\n\n\n\n\n\n\n\n\n\n\n\n\n\n\n\n\n\n                    \n            <div class=\"ce ce-text\n         ce--mb-standard                                 \"\n             id=\"block_378fcbf77f6e16de5a949114cd5da51d\">\n                                    <div class=\"container-fluid\">\n                                <div class=\"row\">\n                    <div class=\"cc-text__text col-12 col-md-10 col-xl-10 mx-auto text-left\">\n                            <div class=\"ce-textblock\" data-animation=\"true\" data-animation-duration=\"300\">\n        <div class=\"ce-textblock__text\">\n                                                    <p>Not treatable: Unfortunately, children and adolescents with metabolic diseases or rare genetic diseases often receive such a diagnosis prematurely. At the young.hope Research Centre for Paediatric and Adolescent Medicine, we do not give up so easily in our search for causes of disease and treatment options. Read some of our patients&#8217; success stories here:<\/p>\n\n    <\/div>\n    <\/div>\n\n\n                    <\/div>\n                <\/div>\n                            <\/div>\n                    <\/div>\n    \n        \n\n\n\n\n\n\n\n\n\n\n\n\n\n\n\n\n\n\n\n\n\n\n\n\n\n\n\n\n\n\n\n\n\n\n                                            <div class=\"ce ce-teaser\n         ce--mb-standard                          text-left\"\n     id=\"block_27f5abf3a1e53f9dad162bffc5a237d2\">\n        <div class=\"container-fluid\">\n        <div class=\"row justify-content-center\">\n            <div class=\"col-12 col-md-10 mb-0\">\n                    <div class=\"ce-textblock\" data-animation=\"true\" data-animation-duration=\"300\">\n        <div class=\"ce-textblock__text\">\n                                                    \n    <\/div>\n    <\/div>\n\n\n                <div class=\"row\">\n                                    <div class=\"col-12 col-md-4\">\n                        <div class=\"ce ce-teaser__item h-100\" data-animation=\"true\" data-duration=\"300\">\n                            \n<a class=\"ce-teaser__content d-flex flex-column h-100\" href=\"https:\/\/younghope.at\/en\/maria\/\">\n    <div class=\"ce-teaser__background\">\n        <div class=\"ce-teaser__image\">\n            <figure class=\"mb-0\">\n                <picture>\n                    <source media=\"(min-width: 992px)\" data-srcset=\"https:\/\/younghope.at\/wp-content\/uploads\/2022\/06\/Bildschirmfoto-2022-06-09-um-12.12.23-492x328-c-default.png\">\n                    <source media=\"(min-width: 768px)\" data-srcset=\"https:\/\/younghope.at\/wp-content\/uploads\/2022\/06\/Bildschirmfoto-2022-06-09-um-12.12.23-369x246-c-default.png\">\n                    <source media=\"(min-width: 576px)\" data-srcset=\"https:\/\/younghope.at\/wp-content\/uploads\/2022\/06\/Bildschirmfoto-2022-06-09-um-12.12.23-300x200-c-default.png\">\n                    <source media=\"(min-width: 320px)\" data-srcset=\"https:\/\/younghope.at\/wp-content\/uploads\/2022\/06\/Bildschirmfoto-2022-06-09-um-12.12.23-747x498-c-default.png\">\n                    <source srcset=\"https:\/\/younghope.at\/wp-content\/uploads\/2022\/06\/Bildschirmfoto-2022-06-09-um-12.12.23-747x498-c-default.png\">\n                    <img data-src=\"https:\/\/younghope.at\/wp-content\/uploads\/2022\/06\/Bildschirmfoto-2022-06-09-um-12.12.23-492x328-c-default.png\" alt=\"\" title=\"\"\n                         width=\"493\" height=\"335\"\n                         class=\"img-fluid w-100\" loading=\"lazy\">\n                <\/picture>\n            <\/figure>\n        <\/div>\n    <\/div>\n    <div class=\"ce-teaser__text d-flex flex-grow-1\">\n        <div class=\"ce-textblock\" data-animation=\"true\" data-animation-duration=\"300\">\n            <div class=\"ce-textblock__text\">\n                <p class=\"ce-textblock--subtext\">\n                    21-J\u00e4hrige seit \u00fcber 2 Jahren frei von lebensbedrohlichen Entz\u00fcndungen\n                <\/p>\n                <p class=\"ce-teaser__button btn btn--ghost\">\n                     more\n                <\/p>\n            <\/div>\n        <\/div>\n    <\/div>\n<\/a>\n                        <\/div>\n                    <\/div>\n                                    <div class=\"col-12 col-md-4\">\n                        <div class=\"ce ce-teaser__item h-100\" data-animation=\"true\" data-duration=\"300\">\n                            \n<a class=\"ce-teaser__content d-flex flex-column h-100\" href=\"https:\/\/younghope.at\/en\/sarah\/\">\n    <div class=\"ce-teaser__background\">\n        <div class=\"ce-teaser__image\">\n            <figure class=\"mb-0\">\n                <picture>\n                    <source media=\"(min-width: 992px)\" data-srcset=\"https:\/\/younghope.at\/wp-content\/uploads\/2022\/05\/Bildschirmfoto-2022-06-09-um-12.17.28-492x328-c-default.png\">\n                    <source media=\"(min-width: 768px)\" data-srcset=\"https:\/\/younghope.at\/wp-content\/uploads\/2022\/05\/Bildschirmfoto-2022-06-09-um-12.17.28-369x246-c-default.png\">\n                    <source media=\"(min-width: 576px)\" data-srcset=\"https:\/\/younghope.at\/wp-content\/uploads\/2022\/05\/Bildschirmfoto-2022-06-09-um-12.17.28-300x200-c-default.png\">\n                    <source media=\"(min-width: 320px)\" data-srcset=\"https:\/\/younghope.at\/wp-content\/uploads\/2022\/05\/Bildschirmfoto-2022-06-09-um-12.17.28-747x498-c-default.png\">\n                    <source srcset=\"https:\/\/younghope.at\/wp-content\/uploads\/2022\/05\/Bildschirmfoto-2022-06-09-um-12.17.28-747x498-c-default.png\">\n                    <img data-src=\"https:\/\/younghope.at\/wp-content\/uploads\/2022\/05\/Bildschirmfoto-2022-06-09-um-12.17.28-492x328-c-default.png\" alt=\"\" title=\"\"\n                         width=\"496\" height=\"316\"\n                         class=\"img-fluid w-100\" loading=\"lazy\">\n                <\/picture>\n            <\/figure>\n        <\/div>\n    <\/div>\n    <div class=\"ce-teaser__text d-flex flex-grow-1\">\n        <div class=\"ce-textblock\" data-animation=\"true\" data-animation-duration=\"300\">\n            <div class=\"ce-textblock__text\">\n                <p class=\"ce-textblock--subtext\">\n                    7-J\u00e4hrige konnte schwere Entwicklungsverz\u00f6gerung aufholen\n                <\/p>\n                <p class=\"ce-teaser__button btn btn--ghost\">\n                     more\n                <\/p>\n            <\/div>\n        <\/div>\n    <\/div>\n<\/a>\n                        <\/div>\n                    <\/div>\n                                <\/div>\n        <\/div>\n                                    <\/div>\n    <\/div>\n<\/div>\n            \n    \n\n\n        <\/section>\n    \n        ","protected":false},"excerpt":{"rendered":"","protected":false},"author":21,"featured_media":0,"parent":0,"menu_order":0,"comment_status":"closed","ping_status":"closed","template":"","meta":{"_acf_changed":false,"give_campaign_id":0,"footnotes":""},"class_list":["post-4279","page","type-page","status-publish","hentry"],"acf":[],"yoast_head":"<!-- This site is optimized with the Yoast SEO plugin v27.1.1 - https:\/\/yoast.com\/product\/yoast-seo-wordpress\/ -->\n<title>Success stories - young.hope<\/title>\n<meta name=\"description\" content=\"Research writes the best stories. Here you can read some of our young.hope patients&#039; success stories.\" \/>\n<meta name=\"robots\" content=\"index, follow, max-snippet:-1, max-image-preview:large, max-video-preview:-1\" \/>\n<link rel=\"canonical\" href=\"https:\/\/younghope.at\/en\/success-stories\/\" \/>\n<meta property=\"og:locale\" content=\"en_US\" \/>\n<meta property=\"og:type\" content=\"article\" \/>\n<meta property=\"og:title\" content=\"Success stories - young.hope\" \/>\n<meta property=\"og:description\" content=\"Research writes the best stories. Here you can read some of our young.hope patients&#039; success stories.\" \/>\n<meta property=\"og:url\" content=\"https:\/\/younghope.at\/en\/success-stories\/\" \/>\n<meta property=\"og:site_name\" content=\"younghope\" \/>\n<meta property=\"article:modified_time\" content=\"2022-11-29T09:10:18+00:00\" \/>\n<meta name=\"twitter:card\" content=\"summary_large_image\" \/>\n<script type=\"application\/ld+json\" class=\"yoast-schema-graph\">{\"@context\":\"https:\/\/schema.org\",\"@graph\":[{\"@type\":\"WebPage\",\"@id\":\"https:\/\/younghope.at\/en\/success-stories\/\",\"url\":\"https:\/\/younghope.at\/en\/success-stories\/\",\"name\":\"Success stories - young.hope\",\"isPartOf\":{\"@id\":\"https:\/\/younghope.at\/#website\"},\"datePublished\":\"2022-05-23T04:00:06+00:00\",\"dateModified\":\"2022-11-29T09:10:18+00:00\",\"description\":\"Research writes the best stories. Here you can read some of our young.hope patients' success stories.\",\"breadcrumb\":{\"@id\":\"https:\/\/younghope.at\/en\/success-stories\/#breadcrumb\"},\"inLanguage\":\"en-US\",\"potentialAction\":[{\"@type\":\"ReadAction\",\"target\":[\"https:\/\/younghope.at\/en\/success-stories\/\"]}]},{\"@type\":\"BreadcrumbList\",\"@id\":\"https:\/\/younghope.at\/en\/success-stories\/#breadcrumb\",\"itemListElement\":[{\"@type\":\"ListItem\",\"position\":1,\"name\":\"Home\",\"item\":\"https:\/\/younghope.at\/en\/\"},{\"@type\":\"ListItem\",\"position\":2,\"name\":\"Success stories\"}]},{\"@type\":\"WebSite\",\"@id\":\"https:\/\/younghope.at\/#website\",\"url\":\"https:\/\/younghope.at\/\",\"name\":\"younghope\",\"description\":\"\",\"potentialAction\":[{\"@type\":\"SearchAction\",\"target\":{\"@type\":\"EntryPoint\",\"urlTemplate\":\"https:\/\/younghope.at\/?s={search_term_string}\"},\"query-input\":{\"@type\":\"PropertyValueSpecification\",\"valueRequired\":true,\"valueName\":\"search_term_string\"}}],\"inLanguage\":\"en-US\"}]}<\/script>\n<!-- \/ Yoast SEO plugin. -->","yoast_head_json":{"title":"Success stories - young.hope","description":"Research writes the best stories. Here you can read some of our young.hope patients' success stories.","robots":{"index":"index","follow":"follow","max-snippet":"max-snippet:-1","max-image-preview":"max-image-preview:large","max-video-preview":"max-video-preview:-1"},"canonical":"https:\/\/younghope.at\/en\/success-stories\/","og_locale":"en_US","og_type":"article","og_title":"Success stories - young.hope","og_description":"Research writes the best stories. Here you can read some of our young.hope patients' success stories.","og_url":"https:\/\/younghope.at\/en\/success-stories\/","og_site_name":"younghope","article_modified_time":"2022-11-29T09:10:18+00:00","twitter_card":"summary_large_image","schema":{"@context":"https:\/\/schema.org","@graph":[{"@type":"WebPage","@id":"https:\/\/younghope.at\/en\/success-stories\/","url":"https:\/\/younghope.at\/en\/success-stories\/","name":"Success stories - young.hope","isPartOf":{"@id":"https:\/\/younghope.at\/#website"},"datePublished":"2022-05-23T04:00:06+00:00","dateModified":"2022-11-29T09:10:18+00:00","description":"Research writes the best stories. Here you can read some of our young.hope patients' success stories.","breadcrumb":{"@id":"https:\/\/younghope.at\/en\/success-stories\/#breadcrumb"},"inLanguage":"en-US","potentialAction":[{"@type":"ReadAction","target":["https:\/\/younghope.at\/en\/success-stories\/"]}]},{"@type":"BreadcrumbList","@id":"https:\/\/younghope.at\/en\/success-stories\/#breadcrumb","itemListElement":[{"@type":"ListItem","position":1,"name":"Home","item":"https:\/\/younghope.at\/en\/"},{"@type":"ListItem","position":2,"name":"Success stories"}]},{"@type":"WebSite","@id":"https:\/\/younghope.at\/#website","url":"https:\/\/younghope.at\/","name":"younghope","description":"","potentialAction":[{"@type":"SearchAction","target":{"@type":"EntryPoint","urlTemplate":"https:\/\/younghope.at\/?s={search_term_string}"},"query-input":{"@type":"PropertyValueSpecification","valueRequired":true,"valueName":"search_term_string"}}],"inLanguage":"en-US"}]}},"campaignId":"","_links":{"self":[{"href":"https:\/\/younghope.at\/en\/wp-json\/wp\/v2\/pages\/4279","targetHints":{"allow":["GET"]}}],"collection":[{"href":"https:\/\/younghope.at\/en\/wp-json\/wp\/v2\/pages"}],"about":[{"href":"https:\/\/younghope.at\/en\/wp-json\/wp\/v2\/types\/page"}],"author":[{"embeddable":true,"href":"https:\/\/younghope.at\/en\/wp-json\/wp\/v2\/users\/21"}],"replies":[{"embeddable":true,"href":"https:\/\/younghope.at\/en\/wp-json\/wp\/v2\/comments?post=4279"}],"version-history":[{"count":7,"href":"https:\/\/younghope.at\/en\/wp-json\/wp\/v2\/pages\/4279\/revisions"}],"predecessor-version":[{"id":4377,"href":"https:\/\/younghope.at\/en\/wp-json\/wp\/v2\/pages\/4279\/revisions\/4377"}],"wp:attachment":[{"href":"https:\/\/younghope.at\/en\/wp-json\/wp\/v2\/media?parent=4279"}],"curies":[{"name":"wp","href":"https:\/\/api.w.org\/{rel}","templated":true}]}}